{"id":848,"date":"2023-12-13T15:37:20","date_gmt":"2023-12-13T14:37:20","guid":{"rendered":"https:\/\/demosites.royal-elementor-addons.com\/music-band-v1\/?page_id=9"},"modified":"2025-02-02T02:23:35","modified_gmt":"2025-02-02T01:23:35","slug":"bio","status":"publish","type":"page","link":"https:\/\/jccolombomusic.com\/index.php\/bio\/","title":{"rendered":"Bio"},"content":{"rendered":"<p class=\"attachment\"><a href='https:\/\/jccolombomusic.com\/wp-content\/uploads\/2024\/03\/foto-perfil-spotify.png'><img fetchpriority=\"high\" decoding=\"async\" width=\"203\" height=\"300\" src=\"https:\/\/jccolombomusic.com\/wp-content\/uploads\/2024\/03\/foto-perfil-spotify-203x300.png\" class=\"attachment-medium size-medium\" alt=\"\" srcset=\"https:\/\/jccolombomusic.com\/wp-content\/uploads\/2024\/03\/foto-perfil-spotify-203x300.png 203w, https:\/\/jccolombomusic.com\/wp-content\/uploads\/2024\/03\/foto-perfil-spotify-693x1024.png 693w, https:\/\/jccolombomusic.com\/wp-content\/uploads\/2024\/03\/foto-perfil-spotify-768x1134.png 768w, https:\/\/jccolombomusic.com\/wp-content\/uploads\/2024\/03\/foto-perfil-spotify-600x886.png 600w, https:\/\/jccolombomusic.com\/wp-content\/uploads\/2024\/03\/foto-perfil-spotify.png 960w\" sizes=\"(max-width: 203px) 100vw, 203px\" \/><\/a><\/p>\n\t\t<div data-elementor-type=\"wp-page\" data-elementor-id=\"848\" class=\"elementor elementor-848\" data-elementor-post-type=\"page\">\n\t\t\t\t<div class=\"elementor-element elementor-element-d98f8dc e-flex e-con-boxed wpr-particle-no wpr-jarallax-no wpr-parallax-no wpr-sticky-section-no wpr-equal-height-no e-con e-parent\" data-id=\"d98f8dc\" data-element_type=\"container\" data-e-type=\"container\" data-settings=\"{&quot;background_background&quot;:&quot;classic&quot;}\">\n\t\t\t\t\t<div class=\"e-con-inner\">\n\t\t\t\t\t<\/div>\n\t\t\t\t<\/div>\n\t\t<div class=\"elementor-element elementor-element-3c7914b e-flex e-con-boxed wpr-particle-no wpr-jarallax-no wpr-parallax-no wpr-sticky-section-no wpr-equal-height-no e-con e-parent\" data-id=\"3c7914b\" data-element_type=\"container\" data-e-type=\"container\">\n\t\t\t\t\t<div class=\"e-con-inner\">\n\t\t\t\t<div class=\"elementor-element elementor-element-2d52071 elementor-widget elementor-widget-heading\" data-id=\"2d52071\" data-element_type=\"widget\" data-e-type=\"widget\" data-widget_type=\"heading.default\">\n\t\t\t\t<div class=\"elementor-widget-container\">\n\t\t\t\t\t<h2 class=\"elementor-heading-title elementor-size-default\">Biograf\u00eda<\/h2>\t\t\t\t<\/div>\n\t\t\t\t<\/div>\n\t\t\t\t<div class=\"elementor-element elementor-element-eb73691 elementor-widget elementor-widget-text-editor\" data-id=\"eb73691\" data-element_type=\"widget\" data-e-type=\"widget\" data-widget_type=\"text-editor.default\">\n\t\t\t\t<div class=\"elementor-widget-container\">\n\t\t\t\t\t\t\t\t\t<p>Solista espa\u00f1ol conocido como JC Colombo, que comenz\u00f3 su carrera en 2022. Su nombre es Juan Carlos Barea y naci\u00f3 en la hermosa isla de Palma de Mallorca.<\/p><p>Es un cantante que forma parte de la nueva ola de artistas independientes, con la intenci\u00f3n de alejarse de las etiquetas y disfrutar de la m\u00fasica, mezclando estilos con el \u00fanico objetivo de generar emociones en sus oyentes, profundizando en los sentimientos m\u00e1s puros y cautivando a quienes lo escuchan.<\/p><p>Inspirado en g\u00e9neros como el electropop, rap y dancehall, JC Colombo se considera un apasionado de la m\u00fasica. Junto a Dunita, forma un t\u00e1ndem perfecto, donde sus voces se entrelazan mostrando una gran complicidad.<\/p><p>Su primer sencillo, &#8220;Lo siento&#8221;, explora sus ra\u00edces andaluzas y tuvo una gran acogida. Lejos de encasillarse en un solo estilo, sigue lanzando trabajos producidos en estudios profesionales y cuidando cada detalle de manera minuciosa.<\/p><p>En 2023, lanz\u00f3 &#8220;Instinto Natural&#8221; con un \u00e9xito rotundo en Espa\u00f1a y Latinoam\u00e9rica, inspirado en uno de los grupos que marc\u00f3 su infancia, OBK. Su \u00faltimo trabajo, &#8220;Baila para m\u00ed&#8221;, ha sido destacado en varios programas radiof\u00f3nicos.<\/p>\t\t\t\t\t\t\t\t<\/div>\n\t\t\t\t<\/div>\n\t\t\t\t<div class=\"elementor-element elementor-element-2207cb2 elementor-widget elementor-widget-video\" data-id=\"2207cb2\" data-element_type=\"widget\" data-e-type=\"widget\" data-settings=\"{&quot;youtube_url&quot;:&quot;https:\\\/\\\/www.youtube.com\\\/watch?v=Jxn7SfaHftU&quot;,&quot;video_type&quot;:&quot;youtube&quot;,&quot;controls&quot;:&quot;yes&quot;}\" data-widget_type=\"video.default\">\n\t\t\t\t<div class=\"elementor-widget-container\">\n\t\t\t\t\t\t\t<div class=\"elementor-wrapper elementor-open-inline\">\n\t\t\t<div class=\"elementor-video\"><\/div>\t\t<\/div>\n\t\t\t\t\t\t<\/div>\n\t\t\t\t<\/div>\n\t\t\t\t<div class=\"elementor-element elementor-element-ffb580a elementor-widget elementor-widget-text-editor\" data-id=\"ffb580a\" data-element_type=\"widget\" data-e-type=\"widget\" data-widget_type=\"text-editor.default\">\n\t\t\t\t<div class=\"elementor-widget-container\">\n\t\t\t\t\t\t\t\t\t<p>En &#8220;Solo me quedan recuerdos&#8221;, JCColombo nos sumerge en un oc\u00e9ano de emociones nost\u00e1lgicas y melanc\u00f3licas. A trav\u00e9s de una melod\u00eda envolvente y letras conmovedoras, el artista nos lleva a un viaje \u00edntimo por los recuerdos que atesoramos en lo m\u00e1s profundo de nuestro ser. Cada acorde resuena con la sensaci\u00f3n de p\u00e9rdida y anhelo, mientras las palabras evocan im\u00e1genes v\u00edvidas de momentos pasados que ya no pueden ser recuperados. La voz de JCColombo transmite una mezcla \u00fanica de dolor y aceptaci\u00f3n, llev\u00e1ndonos a trav\u00e9s de un paisaje sonoro donde la tristeza se entrelaza con la belleza de la memoria. &#8220;Solo me quedan recuerdos&#8221; es una canci\u00f3n que nos invita a sumergirnos en nuestros propios recuerdos, record\u00e1ndonos la fragilidad del tiempo y la importancia de valorar cada momento vivido. Es un himno a la experiencia humana, donde el pasado y el presente convergen en una oda a la vida y al poder transformador de la m\u00fasica<\/p><div class=\"flex-1 overflow-hidden\"><div class=\"react-scroll-to-bottom--css-sqwda-79elbk h-full\"><div class=\"react-scroll-to-bottom--css-sqwda-1n7m0yu\"><div class=\"flex flex-col text-sm pb-9\"><div class=\"w-full text-token-text-primary\" data-testid=\"conversation-turn-5\"><div class=\"px-4 py-2 justify-center text-base md:gap-6 m-auto\"><div class=\"flex flex-1 text-base mx-auto gap-3 md:px-5 lg:px-1 xl:px-5 md:max-w-3xl lg:max-w-[40rem] xl:max-w-[48rem] group final-completion\"><div class=\"relative flex w-full flex-col agent-turn\"><div class=\"flex-col gap-1 md:gap-3\"><div class=\"mt-1 flex justify-start gap-3 empty:hidden\"><div class=\"text-gray-400 flex self-end lg:self-center items-center justify-center lg:justify-start mt-0 -ml-1 h-7 gap-[2px] visible\">\u00a0<\/div><\/div><\/div><\/div><\/div><\/div><\/div><\/div><\/div><\/div><\/div>\t\t\t\t\t\t\t\t<\/div>\n\t\t\t\t<\/div>\n\t\t\t\t\t<\/div>\n\t\t\t\t<\/div>\n\t\t<div class=\"elementor-element elementor-element-d203d71 e-flex e-con-boxed wpr-particle-no wpr-jarallax-no wpr-parallax-no wpr-sticky-section-no wpr-equal-height-no e-con e-parent\" data-id=\"d203d71\" data-element_type=\"container\" data-e-type=\"container\">\n\t\t\t\t\t<div class=\"e-con-inner\">\n\t\t\t\t<div class=\"elementor-element elementor-element-c736872 elementor-widget elementor-widget-heading\" data-id=\"c736872\" data-element_type=\"widget\" data-e-type=\"widget\" data-widget_type=\"heading.default\">\n\t\t\t\t<div class=\"elementor-widget-container\">\n\t\t\t\t\t<h2 class=\"elementor-heading-title elementor-size-default\">Galeria<\/h2>\t\t\t\t<\/div>\n\t\t\t\t<\/div>\n\t\t\t\t<div class=\"elementor-element elementor-element-ffc385c wpr-grid-columns-4 wpr-grid-columns--laptop4 wpr-grid-columns--tablet3 wpr-grid-columns--mobile1 wpr-grid-pagination-center elementor-widget elementor-widget-wpr-media-grid\" data-id=\"ffc385c\" data-element_type=\"widget\" data-e-type=\"widget\" data-widget_type=\"wpr-media-grid.default\">\n\t\t\t\t<div class=\"elementor-widget-container\">\n\t\t\t\t\t<section class=\"wpr-grid wpr-media-grid elementor-clearfix\" data-settings=\"{&quot;layout&quot;:&quot;masonry&quot;,&quot;columns_desktop&quot;:4,&quot;gutter_hr&quot;:20,&quot;gutter_hr_mobile&quot;:20,&quot;gutter_hr_mobile_extra&quot;:20,&quot;gutter_hr_tablet&quot;:20,&quot;gutter_hr_tablet_extra&quot;:20,&quot;gutter_hr_laptop&quot;:20,&quot;gutter_hr_widescreen&quot;:20,&quot;gutter_vr&quot;:20,&quot;gutter_vr_mobile&quot;:20,&quot;gutter_vr_mobile_extra&quot;:20,&quot;gutter_vr_tablet&quot;:20,&quot;gutter_vr_tablet_extra&quot;:20,&quot;gutter_vr_laptop&quot;:20,&quot;gutter_vr_widescreen&quot;:20,&quot;animation&quot;:&quot;default&quot;,&quot;animation_duration&quot;:0.3,&quot;animation_delay&quot;:0.1,&quot;deeplinking&quot;:&quot;&quot;,&quot;filters_default_filter&quot;:&quot;&quot;,&quot;filters_linkable&quot;:&quot;no&quot;,&quot;filters_count&quot;:&quot;&quot;,&quot;filters_hide_empty&quot;:&quot;no&quot;,&quot;filters_animation&quot;:&quot;default&quot;,&quot;filters_animation_duration&quot;:0.3,&quot;filters_animation_delay&quot;:0.1,&quot;pagination_type&quot;:&quot;load-more&quot;,&quot;pagination_max_pages&quot;:1,&quot;lightbox&quot;:{&quot;selector&quot;:&quot;.wpr-grid-image-wrap&quot;,&quot;iframeMaxWidth&quot;:&quot;60%&quot;,&quot;hash&quot;:false,&quot;autoplay&quot;:&quot;true&quot;,&quot;pause&quot;:5000,&quot;progressBar&quot;:&quot;true&quot;,&quot;counter&quot;:&quot;true&quot;,&quot;controls&quot;:&quot;true&quot;,&quot;getCaptionFromTitleOrAlt&quot;:&quot;true&quot;,&quot;thumbnail&quot;:&quot;&quot;,&quot;showThumbByDefault&quot;:&quot;&quot;,&quot;share&quot;:&quot;&quot;,&quot;zoom&quot;:&quot;true&quot;,&quot;fullScreen&quot;:&quot;true&quot;,&quot;download&quot;:&quot;true&quot;}}\"><article class=\"wpr-grid-item elementor-clearfix post-1104 attachment type-attachment status-inherit hentry\"><div class=\"wpr-grid-item-inner\"><div class=\"wpr-grid-media-wrap wpr-effect-size-small \"><div class=\"wpr-grid-image-wrap\" data-src=\"https:\/\/jccolombomusic.com\/wp-content\/uploads\/2024\/03\/Foto-perfil-buena-calidad.jpg\"><img decoding=\"async\" src=\"https:\/\/jccolombomusic.com\/wp-content\/uploads\/2024\/03\/Foto-perfil-buena-calidad.jpg\" alt=\"JcColombo\" class=\"wpr-anim-timing-ease-default\"><\/div><div class=\"wpr-grid-media-hover wpr-animation-wrap\"><div class=\"wpr-grid-media-hover-bg  wpr-overlay-fade-in wpr-anim-size-large wpr-anim-timing-ease-default wpr-anim-transparency\" data-url=\"https:\/\/jccolombomusic.com\/index.php\/home-music-band-v1\/foto-perfil-buena-calidad\/\"><\/div><div class=\"wpr-cv-container\"><div class=\"wpr-cv-outer\"><div class=\"wpr-cv-inner\"><div class=\"wpr-grid-media-hover-middle elementor-clearfix\"><div class=\"wpr-grid-item-lightbox elementor-repeater-item-2ad7357 wpr-grid-item-display-block wpr-grid-item-align-center wpr-element-fade-in wpr-anim-size-large wpr-anim-timing-ease-default wpr-anim-transparency\"><div class=\"inner-block\"><span data-src=\"https:\/\/jccolombomusic.com\/wp-content\/uploads\/2024\/03\/Foto-perfil-buena-calidad.jpg\"><i class=\"fas fa-search\"><\/i><\/span><div class=\"wpr-grid-lightbox-overlay\"><\/div><\/div><\/div><\/div><\/div><\/div><\/div><\/div><\/div><\/div><\/article><article class=\"wpr-grid-item elementor-clearfix post-1103 attachment type-attachment status-inherit hentry\"><div class=\"wpr-grid-item-inner\"><div class=\"wpr-grid-media-wrap wpr-effect-size-small \"><div class=\"wpr-grid-image-wrap\" data-src=\"https:\/\/jccolombomusic.com\/wp-content\/uploads\/2024\/03\/IMG-20220728-WA0015.jpg\"><img decoding=\"async\" src=\"https:\/\/jccolombomusic.com\/wp-content\/uploads\/2024\/03\/IMG-20220728-WA0015.jpg\" alt=\"JcColombo\" class=\"wpr-anim-timing-ease-default\"><\/div><div class=\"wpr-grid-media-hover wpr-animation-wrap\"><div class=\"wpr-grid-media-hover-bg  wpr-overlay-fade-in wpr-anim-size-large wpr-anim-timing-ease-default wpr-anim-transparency\" data-url=\"https:\/\/jccolombomusic.com\/index.php\/home-music-band-v1\/img-20220728-wa0015\/\"><\/div><div class=\"wpr-cv-container\"><div class=\"wpr-cv-outer\"><div class=\"wpr-cv-inner\"><div class=\"wpr-grid-media-hover-middle elementor-clearfix\"><div class=\"wpr-grid-item-lightbox elementor-repeater-item-2ad7357 wpr-grid-item-display-block wpr-grid-item-align-center wpr-element-fade-in wpr-anim-size-large wpr-anim-timing-ease-default wpr-anim-transparency\"><div class=\"inner-block\"><span data-src=\"https:\/\/jccolombomusic.com\/wp-content\/uploads\/2024\/03\/IMG-20220728-WA0015.jpg\"><i class=\"fas fa-search\"><\/i><\/span><div class=\"wpr-grid-lightbox-overlay\"><\/div><\/div><\/div><\/div><\/div><\/div><\/div><\/div><\/div><\/div><\/article><article class=\"wpr-grid-item elementor-clearfix post-1101 attachment type-attachment status-inherit hentry\"><div class=\"wpr-grid-item-inner\"><div class=\"wpr-grid-media-wrap wpr-effect-size-small \"><div class=\"wpr-grid-image-wrap\" data-src=\"https:\/\/jccolombomusic.com\/wp-content\/uploads\/2024\/03\/IMG_20220729_215004.jpg\"><img decoding=\"async\" src=\"https:\/\/jccolombomusic.com\/wp-content\/uploads\/2024\/03\/IMG_20220729_215004.jpg\" alt=\"JcColombo\" class=\"wpr-anim-timing-ease-default\"><\/div><div class=\"wpr-grid-media-hover wpr-animation-wrap\"><div class=\"wpr-grid-media-hover-bg  wpr-overlay-fade-in wpr-anim-size-large wpr-anim-timing-ease-default wpr-anim-transparency\" data-url=\"https:\/\/jccolombomusic.com\/index.php\/home-music-band-v1\/img_20220729_215004\/\"><\/div><div class=\"wpr-cv-container\"><div class=\"wpr-cv-outer\"><div class=\"wpr-cv-inner\"><div class=\"wpr-grid-media-hover-middle elementor-clearfix\"><div class=\"wpr-grid-item-lightbox elementor-repeater-item-2ad7357 wpr-grid-item-display-block wpr-grid-item-align-center wpr-element-fade-in wpr-anim-size-large wpr-anim-timing-ease-default wpr-anim-transparency\"><div class=\"inner-block\"><span data-src=\"https:\/\/jccolombomusic.com\/wp-content\/uploads\/2024\/03\/IMG_20220729_215004.jpg\"><i class=\"fas fa-search\"><\/i><\/span><div class=\"wpr-grid-lightbox-overlay\"><\/div><\/div><\/div><\/div><\/div><\/div><\/div><\/div><\/div><\/div><\/article><article class=\"wpr-grid-item elementor-clearfix post-1102 attachment type-attachment status-inherit hentry\"><div class=\"wpr-grid-item-inner\"><div class=\"wpr-grid-media-wrap wpr-effect-size-small \"><div class=\"wpr-grid-image-wrap\" data-src=\"https:\/\/jccolombomusic.com\/wp-content\/uploads\/2024\/03\/IMG-20220729-WA0010.jpg\"><img decoding=\"async\" src=\"https:\/\/jccolombomusic.com\/wp-content\/uploads\/2024\/03\/IMG-20220729-WA0010.jpg\" alt=\"JcColombo\" class=\"wpr-anim-timing-ease-default\"><\/div><div class=\"wpr-grid-media-hover wpr-animation-wrap\"><div class=\"wpr-grid-media-hover-bg  wpr-overlay-fade-in wpr-anim-size-large wpr-anim-timing-ease-default wpr-anim-transparency\" data-url=\"https:\/\/jccolombomusic.com\/index.php\/home-music-band-v1\/img-20220729-wa0010\/\"><\/div><div class=\"wpr-cv-container\"><div class=\"wpr-cv-outer\"><div class=\"wpr-cv-inner\"><div class=\"wpr-grid-media-hover-middle elementor-clearfix\"><div class=\"wpr-grid-item-lightbox elementor-repeater-item-2ad7357 wpr-grid-item-display-block wpr-grid-item-align-center wpr-element-fade-in wpr-anim-size-large wpr-anim-timing-ease-default wpr-anim-transparency\"><div class=\"inner-block\"><span data-src=\"https:\/\/jccolombomusic.com\/wp-content\/uploads\/2024\/03\/IMG-20220729-WA0010.jpg\"><i class=\"fas fa-search\"><\/i><\/span><div class=\"wpr-grid-lightbox-overlay\"><\/div><\/div><\/div><\/div><\/div><\/div><\/div><\/div><\/div><\/div><\/article><article class=\"wpr-grid-item elementor-clearfix post-1100 attachment type-attachment status-inherit hentry\"><div class=\"wpr-grid-item-inner\"><div class=\"wpr-grid-media-wrap wpr-effect-size-small \"><div class=\"wpr-grid-image-wrap\" data-src=\"https:\/\/jccolombomusic.com\/wp-content\/uploads\/2024\/03\/foto-perfil-apple-artist.png\"><img decoding=\"async\" src=\"https:\/\/jccolombomusic.com\/wp-content\/uploads\/2024\/03\/foto-perfil-apple-artist.png\" alt=\"JcColombo\" class=\"wpr-anim-timing-ease-default\"><\/div><div class=\"wpr-grid-media-hover wpr-animation-wrap\"><div class=\"wpr-grid-media-hover-bg  wpr-overlay-fade-in wpr-anim-size-large wpr-anim-timing-ease-default wpr-anim-transparency\" data-url=\"https:\/\/jccolombomusic.com\/index.php\/home-music-band-v1\/foto-perfil-apple-artist\/\"><\/div><div class=\"wpr-cv-container\"><div class=\"wpr-cv-outer\"><div class=\"wpr-cv-inner\"><div class=\"wpr-grid-media-hover-middle elementor-clearfix\"><div class=\"wpr-grid-item-lightbox elementor-repeater-item-2ad7357 wpr-grid-item-display-block wpr-grid-item-align-center wpr-element-fade-in wpr-anim-size-large wpr-anim-timing-ease-default wpr-anim-transparency\"><div class=\"inner-block\"><span data-src=\"https:\/\/jccolombomusic.com\/wp-content\/uploads\/2024\/03\/foto-perfil-apple-artist.png\"><i class=\"fas fa-search\"><\/i><\/span><div class=\"wpr-grid-lightbox-overlay\"><\/div><\/div><\/div><\/div><\/div><\/div><\/div><\/div><\/div><\/div><\/article><article class=\"wpr-grid-item elementor-clearfix post-1069 attachment type-attachment status-inherit hentry\"><div class=\"wpr-grid-item-inner\"><div class=\"wpr-grid-media-wrap wpr-effect-size-small \"><div class=\"wpr-grid-image-wrap\" data-src=\"https:\/\/jccolombomusic.com\/wp-content\/uploads\/2024\/03\/logo-spotify-perfil.jpg\"><img decoding=\"async\" src=\"https:\/\/jccolombomusic.com\/wp-content\/uploads\/2024\/03\/logo-spotify-perfil.jpg\" alt=\"JcColombo\" class=\"wpr-anim-timing-ease-default\"><\/div><div class=\"wpr-grid-media-hover wpr-animation-wrap\"><div class=\"wpr-grid-media-hover-bg  wpr-overlay-fade-in wpr-anim-size-large wpr-anim-timing-ease-default wpr-anim-transparency\" data-url=\"https:\/\/jccolombomusic.com\/index.php\/home-music-band-v1\/logo-spotify-perfil\/\"><\/div><div class=\"wpr-cv-container\"><div class=\"wpr-cv-outer\"><div class=\"wpr-cv-inner\"><div class=\"wpr-grid-media-hover-middle elementor-clearfix\"><div class=\"wpr-grid-item-lightbox elementor-repeater-item-2ad7357 wpr-grid-item-display-block wpr-grid-item-align-center wpr-element-fade-in wpr-anim-size-large wpr-anim-timing-ease-default wpr-anim-transparency\"><div class=\"inner-block\"><span data-src=\"https:\/\/jccolombomusic.com\/wp-content\/uploads\/2024\/03\/logo-spotify-perfil.jpg\"><i class=\"fas fa-search\"><\/i><\/span><div class=\"wpr-grid-lightbox-overlay\"><\/div><\/div><\/div><\/div><\/div><\/div><\/div><\/div><\/div><\/div><\/article><article class=\"wpr-grid-item elementor-clearfix post-1068 attachment type-attachment status-inherit hentry\"><div class=\"wpr-grid-item-inner\"><div class=\"wpr-grid-media-wrap wpr-effect-size-small \"><div class=\"wpr-grid-image-wrap\" data-src=\"https:\/\/jccolombomusic.com\/wp-content\/uploads\/2024\/03\/IMG-20220728-WA0018.jpg\"><img decoding=\"async\" src=\"https:\/\/jccolombomusic.com\/wp-content\/uploads\/2024\/03\/IMG-20220728-WA0018.jpg\" alt=\"IMG-20220728-WA0018\" class=\"wpr-anim-timing-ease-default\"><\/div><div class=\"wpr-grid-media-hover wpr-animation-wrap\"><div class=\"wpr-grid-media-hover-bg  wpr-overlay-fade-in wpr-anim-size-large wpr-anim-timing-ease-default wpr-anim-transparency\" data-url=\"https:\/\/jccolombomusic.com\/index.php\/home-music-band-v1\/img-20220728-wa0018\/\"><\/div><div class=\"wpr-cv-container\"><div class=\"wpr-cv-outer\"><div class=\"wpr-cv-inner\"><div class=\"wpr-grid-media-hover-middle elementor-clearfix\"><div class=\"wpr-grid-item-lightbox elementor-repeater-item-2ad7357 wpr-grid-item-display-block wpr-grid-item-align-center wpr-element-fade-in wpr-anim-size-large wpr-anim-timing-ease-default wpr-anim-transparency\"><div class=\"inner-block\"><span data-src=\"https:\/\/jccolombomusic.com\/wp-content\/uploads\/2024\/03\/IMG-20220728-WA0018.jpg\"><i class=\"fas fa-search\"><\/i><\/span><div class=\"wpr-grid-lightbox-overlay\"><\/div><\/div><\/div><\/div><\/div><\/div><\/div><\/div><\/div><\/div><\/article><article class=\"wpr-grid-item elementor-clearfix post-1056 attachment type-attachment status-inherit hentry\"><div class=\"wpr-grid-item-inner\"><div class=\"wpr-grid-media-wrap wpr-effect-size-small \"><div class=\"wpr-grid-image-wrap\" data-src=\"https:\/\/jccolombomusic.com\/wp-content\/uploads\/2024\/03\/foto-perfil-spotify.png\"><img decoding=\"async\" src=\"https:\/\/jccolombomusic.com\/wp-content\/uploads\/2024\/03\/foto-perfil-spotify.png\" alt=\"JcColombo\" class=\"wpr-anim-timing-ease-default\"><\/div><div class=\"wpr-grid-media-hover wpr-animation-wrap\"><div class=\"wpr-grid-media-hover-bg  wpr-overlay-fade-in wpr-anim-size-large wpr-anim-timing-ease-default wpr-anim-transparency\" data-url=\"https:\/\/jccolombomusic.com\/index.php\/home-music-band-v1\/foto-perfil-spotify\/\"><\/div><div class=\"wpr-cv-container\"><div class=\"wpr-cv-outer\"><div class=\"wpr-cv-inner\"><div class=\"wpr-grid-media-hover-middle elementor-clearfix\"><div class=\"wpr-grid-item-lightbox elementor-repeater-item-2ad7357 wpr-grid-item-display-block wpr-grid-item-align-center wpr-element-fade-in wpr-anim-size-large wpr-anim-timing-ease-default wpr-anim-transparency\"><div class=\"inner-block\"><span data-src=\"https:\/\/jccolombomusic.com\/wp-content\/uploads\/2024\/03\/foto-perfil-spotify.png\"><i class=\"fas fa-search\"><\/i><\/span><div class=\"wpr-grid-lightbox-overlay\"><\/div><\/div><\/div><\/div><\/div><\/div><\/div><\/div><\/div><\/div><\/article><\/section>\t\t\t\t<\/div>\n\t\t\t\t<\/div>\n\t\t\t\t\t<\/div>\n\t\t\t\t<\/div>\n\t\t<div class=\"elementor-element elementor-element-0808177 e-flex e-con-boxed wpr-particle-no wpr-jarallax-no wpr-parallax-no wpr-sticky-section-no wpr-equal-height-no e-con e-parent\" data-id=\"0808177\" data-element_type=\"container\" data-e-type=\"container\">\n\t\t\t\t\t<div class=\"e-con-inner\">\n\t\t\t\t<div class=\"elementor-element elementor-element-ec6a054 elementor-widget elementor-widget-text-editor\" data-id=\"ec6a054\" data-element_type=\"widget\" data-e-type=\"widget\" data-widget_type=\"text-editor.default\">\n\t\t\t\t<div class=\"elementor-widget-container\">\n\t\t\t\t\t\t\t\t\t<p>Copyright \u00a9 2025 JcColombo Music. All Rights Reserved.<\/p>\t\t\t\t\t\t\t\t<\/div>\n\t\t\t\t<\/div>\n\t\t\t\t\t<\/div>\n\t\t\t\t<\/div>\n\t\t\t\t<\/div>\n\t\t","protected":false},"excerpt":{"rendered":"<p>Biograf\u00eda Solista espa\u00f1ol conocido como JC Colombo, que comenz\u00f3 su carrera en 2022. Su nombre es Juan Carlos Barea y naci\u00f3 en la hermosa isla de Palma de Mallorca. Es un cantante que forma parte de la nueva ola de artistas independientes, con la intenci\u00f3n de alejarse de las etiquetas y disfrutar de la m\u00fasica, mezclando estilos con el \u00fanico objetivo de generar emociones en sus oyentes, profundizando en los sentimientos m\u00e1s puros y cautivando a quienes lo escuchan. Inspirado en g\u00e9neros como el electropop, rap y dancehall, JC Colombo se considera un apasionado de la m\u00fasica. Junto a Dunita, forma un t\u00e1ndem perfecto, donde sus voces se entrelazan mostrando una gran complicidad. Su primer sencillo, &#8220;Lo siento&#8221;, explora sus ra\u00edces andaluzas y tuvo una gran acogida. Lejos de encasillarse en un solo estilo, sigue lanzando trabajos producidos en estudios profesionales y cuidando cada detalle de manera minuciosa. En 2023, lanz\u00f3 &#8220;Instinto Natural&#8221; con un \u00e9xito rotundo en Espa\u00f1a y Latinoam\u00e9rica, inspirado en uno de los grupos que marc\u00f3 su infancia, OBK. Su \u00faltimo trabajo, &#8220;Baila para m\u00ed&#8221;, ha sido destacado en varios programas radiof\u00f3nicos. https:\/\/www.youtube.com\/watch?v=Jxn7SfaHftU En &#8220;Solo me quedan recuerdos&#8221;, JCColombo nos sumerge en un oc\u00e9ano de emociones nost\u00e1lgicas y melanc\u00f3licas. A trav\u00e9s de una melod\u00eda envolvente y letras conmovedoras, el artista nos lleva a un viaje \u00edntimo por los recuerdos que atesoramos en lo m\u00e1s profundo de nuestro ser. Cada acorde resuena con la sensaci\u00f3n de p\u00e9rdida y anhelo, mientras las palabras evocan im\u00e1genes v\u00edvidas de momentos pasados que ya no pueden ser recuperados. La voz de JCColombo transmite una mezcla \u00fanica de dolor y aceptaci\u00f3n, llev\u00e1ndonos a trav\u00e9s de un paisaje sonoro donde la tristeza se entrelaza con la belleza de la memoria. &#8220;Solo me quedan recuerdos&#8221; es una canci\u00f3n que nos invita a sumergirnos en nuestros propios recuerdos, record\u00e1ndonos la fragilidad del tiempo y la importancia de valorar cada momento vivido. Es un himno a la experiencia humana, donde el pasado y el presente convergen en una oda a la vida y al poder transformador de la m\u00fasica \u00a0 Galeria Copyright \u00a9 2025 JcColombo Music. All Rights Reserved.<\/p>\n","protected":false},"author":1,"featured_media":0,"parent":0,"menu_order":0,"comment_status":"closed","ping_status":"closed","template":"elementor_canvas","meta":{"_monsterinsights_skip_tracking":false,"_monsterinsights_sitenote_active":false,"_monsterinsights_sitenote_note":"","_monsterinsights_sitenote_category":0,"_price":"","_stock":"","_tribe_ticket_header":"","_tribe_default_ticket_provider":"","_tribe_ticket_capacity":"0","_ticket_start_date":"","_ticket_end_date":"","_tribe_ticket_show_description":"","_tribe_ticket_show_not_going":false,"_tribe_ticket_use_global_stock":"","_tribe_ticket_global_stock_level":"","_global_stock_mode":"","_global_stock_cap":"","_tribe_rsvp_for_event":"","_tribe_ticket_going_count":"","_tribe_ticket_not_going_count":"","_tribe_tickets_list":"[]","_tribe_ticket_has_attendee_info_fields":false,"_vp_format_video_url":"","_vp_image_focal_point":[],"footnotes":"","_tec_slr_enabled":"","_tec_slr_layout":""},"class_list":["post-848","page","type-page","status-publish","hentry"],"aioseo_notices":[],"a3_pvc":{"activated":true,"total_views":0,"today_views":0},"ticketed":false,"_links":{"self":[{"href":"https:\/\/jccolombomusic.com\/index.php\/wp-json\/wp\/v2\/pages\/848","targetHints":{"allow":["GET"]}}],"collection":[{"href":"https:\/\/jccolombomusic.com\/index.php\/wp-json\/wp\/v2\/pages"}],"about":[{"href":"https:\/\/jccolombomusic.com\/index.php\/wp-json\/wp\/v2\/types\/page"}],"author":[{"embeddable":true,"href":"https:\/\/jccolombomusic.com\/index.php\/wp-json\/wp\/v2\/users\/1"}],"replies":[{"embeddable":true,"href":"https:\/\/jccolombomusic.com\/index.php\/wp-json\/wp\/v2\/comments?post=848"}],"version-history":[{"count":39,"href":"https:\/\/jccolombomusic.com\/index.php\/wp-json\/wp\/v2\/pages\/848\/revisions"}],"predecessor-version":[{"id":1576,"href":"https:\/\/jccolombomusic.com\/index.php\/wp-json\/wp\/v2\/pages\/848\/revisions\/1576"}],"wp:attachment":[{"href":"https:\/\/jccolombomusic.com\/index.php\/wp-json\/wp\/v2\/media?parent=848"}],"curies":[{"name":"wp","href":"https:\/\/api.w.org\/{rel}","templated":true}]}}